{"id":3086,"date":"2025-04-15T09:30:56","date_gmt":"2025-04-15T09:30:56","guid":{"rendered":"https:\/\/abdeshof.be\/boutons\/"},"modified":"2025-05-07T06:59:46","modified_gmt":"2025-05-07T06:59:46","slug":"boutons","status":"publish","type":"page","link":"https:\/\/abdeshof.be\/fr\/boutons\/","title":{"rendered":"BOUTONS"},"content":{"rendered":"\t\t<div data-elementor-type=\"wp-page\" data-elementor-id=\"3086\" class=\"elementor elementor-3086 elementor-82\" data-elementor-post-type=\"page\">\n\t\t\t\t<div class=\"elementor-element elementor-element-d362fa3 e-flex e-con-boxed e-con e-parent\" data-id=\"d362fa3\" data-element_type=\"container\">\n\t\t\t\t\t<div class=\"e-con-inner\">\n\t\t\t\t<div class=\"elementor-element elementor-element-6e4b4dc elementor-widget elementor-widget-html\" data-id=\"6e4b4dc\" data-element_type=\"widget\" data-widget_type=\"html.default\">\n\t\t\t\t<div class=\"elementor-widget-container\">\n\t\t\t\t\t<!-- From Uiverse.io by alexmaracinaru -->\r\n<a href=\"\/containerverhuur\" class=\"cta cta--default\">\r\n  <span class=\"hover-underline-animation\">Tarifs &amp; disponibilit\u00e9s<\/span>\r\n  <svg xmlns=\"http:\/\/www.w3.org\/2000\/svg\" id=\"arrow-horizontal\" width=\"30\" height=\"10\" viewbox=\"0 0 46 16\">\r\n    <path\r\n      id=\"Path_10\"\r\n      data-name=\"Path 10\"\r\n      d=\"M8,0,6.545,1.455l5.506,5.506H-30V9.039H12.052L6.545,14.545,8,16l8-8Z\"\r\n      transform=\"translate(10)\"\r\n    ><\/path>\r\n  <\/svg>\r\n<\/a>\r\n\t\t\t\t<\/div>\n\t\t\t\t<\/div>\n\t\t\t\t<div class=\"elementor-element elementor-element-c5809ef elementor-widget elementor-widget-html\" data-id=\"c5809ef\" data-element_type=\"widget\" data-widget_type=\"html.default\">\n\t\t\t\t<div class=\"elementor-widget-container\">\n\t\t\t\t\t<!-- From Uiverse.io by alexmaracinaru -->\r\n<a href=\"\/containerverhuur\" class=\"cta cta--default\">\r\n  <span class=\"hover-underline-animation\">R\u00e9server une chambre<\/span>\r\n  <svg xmlns=\"http:\/\/www.w3.org\/2000\/svg\" id=\"arrow-horizontal\" width=\"30\" height=\"10\" viewbox=\"0 0 46 16\">\r\n    <path\r\n      id=\"Path_10\"\r\n      data-name=\"Path 10\"\r\n      d=\"M8,0,6.545,1.455l5.506,5.506H-30V9.039H12.052L6.545,14.545,8,16l8-8Z\"\r\n      transform=\"translate(10)\"\r\n    ><\/path>\r\n  <\/svg>\r\n<\/a>\r\n\t\t\t\t<\/div>\n\t\t\t\t<\/div>\n\t\t\t\t\t<\/div>\n\t\t\t\t<\/div>\n\t\t<div class=\"elementor-element elementor-element-0d99907 e-flex e-con-boxed e-con e-parent\" data-id=\"0d99907\" data-element_type=\"container\" data-settings=\"{&quot;background_background&quot;:&quot;classic&quot;}\">\n\t\t\t\t\t<div class=\"e-con-inner\">\n\t\t\t\t<div class=\"elementor-element elementor-element-ae9cf0a elementor-widget elementor-widget-html\" data-id=\"ae9cf0a\" data-element_type=\"widget\" data-widget_type=\"html.default\">\n\t\t\t\t<div class=\"elementor-widget-container\">\n\t\t\t\t\t<a href=\"#\" class=\"custom-button\">\r\n  <span class=\"button_lg\">\r\n    <span class=\"button_sl\"><\/span>\r\n    <span class=\"button_text\">R\u00c9SERVER<\/span>\r\n  <\/span>\r\n<\/a>\r\n\t\t\t\t<\/div>\n\t\t\t\t<\/div>\n\t\t\t\t\t<\/div>\n\t\t\t\t<\/div>\n\t\t<div class=\"elementor-element elementor-element-dd419a4 e-flex e-con-boxed e-con e-parent\" data-id=\"dd419a4\" data-element_type=\"container\" data-settings=\"{&quot;background_background&quot;:&quot;classic&quot;}\">\n\t\t\t\t\t<div class=\"e-con-inner\">\n\t\t\t\t<div class=\"elementor-element elementor-element-ff96c9f elementor-widget elementor-widget-html\" data-id=\"ff96c9f\" data-element_type=\"widget\" data-widget_type=\"html.default\">\n\t\t\t\t<div class=\"elementor-widget-container\">\n\t\t\t\t\t<a href=\"\/containerverhuur\" class=\"header-cta\">\r\n  <span class=\"header-cta__text\">R\u00e9server une chambre<\/span>\r\n  <svg xmlns=\"http:\/\/www.w3.org\/2000\/svg\" class=\"header-cta__icon\" width=\"48\" height=\"16\" viewbox=\"0 0 46 16\">\r\n    <path\r\n      d=\"M8,0,6.545,1.455l5.506,5.506H-30V9.039H12.052L6.545,14.545,8,16l8-8Z\"\r\n      transform=\"translate(10)\"\r\n    ><\/path>\r\n  <\/svg>\r\n<\/a>\r\n\t\t\t\t<\/div>\n\t\t\t\t<\/div>\n\t\t\t\t<div class=\"elementor-element elementor-element-218b0d8 elementor-widget elementor-widget-html\" data-id=\"218b0d8\" data-element_type=\"widget\" data-widget_type=\"html.default\">\n\t\t\t\t<div class=\"elementor-widget-container\">\n\t\t\t\t\t<a href=\"\/containerverhuur\" class=\"cta-reserveer\">\r\n  <span class=\"cta-reserveer__text\">R\u00e9server une chambre<\/span>\r\n  <svg xmlns=\"http:\/\/www.w3.org\/2000\/svg\" class=\"cta-reserveer__icon\" width=\"32\" height=\"10\" viewbox=\"0 0 46 16\">\r\n    <path\r\n      d=\"M8,0,6.545,1.455l5.506,5.506H-30V9.039H12.052L6.545,14.545,8,16l8-8Z\"\r\n      transform=\"translate(10)\"\r\n    ><\/path>\r\n  <\/svg>\r\n<\/a>\r\n\t\t\t\t<\/div>\n\t\t\t\t<\/div>\n\t\t\t\t\t<\/div>\n\t\t\t\t<\/div>\n\t\t<div class=\"elementor-element elementor-element-2e08cff e-flex e-con-boxed e-con e-parent\" data-id=\"2e08cff\" data-element_type=\"container\" data-settings=\"{&quot;background_background&quot;:&quot;classic&quot;}\">\n\t\t\t\t\t<div class=\"e-con-inner\">\n\t\t\t\t<div class=\"elementor-element elementor-element-567d7ac elementor-icon-list--layout-traditional elementor-list-item-link-full_width elementor-widget elementor-widget-icon-list\" data-id=\"567d7ac\" data-element_type=\"widget\" data-widget_type=\"icon-list.default\">\n\t\t\t\t<div class=\"elementor-widget-container\">\n\t\t\t\t\t\t\t<ul class=\"elementor-icon-list-items\">\n\t\t\t\t\t\t\t<li class=\"elementor-icon-list-item\">\n\t\t\t\t\t\t\t\t\t\t\t<a href=\"https:\/\/abdeshof.be\/contact\/\">\n\n\t\t\t\t\t\t\t\t\t\t\t<span class=\"elementor-icon-list-text\"><span class=\"header-cta\">   <span class=\"header-cta__text\">R\u00e9server une chambre<\/span>   <svg xmlns=\"http:\/\/www.w3.org\/2000\/svg\" class=\"header-cta__icon\" width=\"48\" height=\"16\" viewbox=\"0 0 46 16\">     <path       d=\"M8,0,6.545,1.455l5.506,5.506H-30V9.039H12.052L6.545,14.545,8,16l8-8Z\"       transform=\"translate(10)\"     ><\/path>   <\/svg> <\/span><\/span>\n\t\t\t\t\t\t\t\t\t\t\t<\/a>\n\t\t\t\t\t\t\t\t\t<\/li>\n\t\t\t\t\t\t<\/ul>\n\t\t\t\t\t\t<\/div>\n\t\t\t\t<\/div>\n\t\t\t\t\t<\/div>\n\t\t\t\t<\/div>\n\t\t<div class=\"elementor-element elementor-element-0e458ec e-flex e-con-boxed e-con e-parent\" data-id=\"0e458ec\" data-element_type=\"container\">\n\t\t\t\t\t<div class=\"e-con-inner\">\n\t\t\t\t<div class=\"elementor-element elementor-element-57c1eb3 elementor-widget elementor-widget-html\" data-id=\"57c1eb3\" data-element_type=\"widget\" data-widget_type=\"html.default\">\n\t\t\t\t<div class=\"elementor-widget-container\">\n\t\t\t\t\t<a href=\"#\" class=\"custom-button-variant2\">\r\n  <span class=\"button_lg-variant2\">\r\n    <span class=\"button_sl-variant2\"><\/span>\r\n    <span class=\"button_text-variant2\">PLUS D'INFORMATIONS<\/span>\r\n  <\/span>\r\n<\/a>\r\n\t\t\t\t<\/div>\n\t\t\t\t<\/div>\n\t\t\t\t\t<\/div>\n\t\t\t\t<\/div>\n\t\t<div class=\"elementor-element elementor-element-c70d337 e-flex e-con-boxed e-con e-parent\" data-id=\"c70d337\" data-element_type=\"container\">\n\t\t\t\t\t<div class=\"e-con-inner\">\n\t\t\t\t<div class=\"elementor-element elementor-element-68fb80f elementor-icon-list--layout-traditional elementor-list-item-link-full_width elementor-widget elementor-widget-icon-list\" data-id=\"68fb80f\" data-element_type=\"widget\" data-widget_type=\"icon-list.default\">\n\t\t\t\t<div class=\"elementor-widget-container\">\n\t\t\t\t\t\t\t<ul class=\"elementor-icon-list-items\">\n\t\t\t\t\t\t\t<li class=\"elementor-icon-list-item\">\n\t\t\t\t\t\t\t\t\t\t\t<a href=\"https:\/\/abdeshof.be\/contact\/\">\n\n\t\t\t\t\t\t\t\t\t\t\t<span class=\"elementor-icon-list-text\"><span class=\"custom-button-variant2\">   <span class=\"button_lg-variant2\">     <span class=\"button_sl-variant2\"><\/span>     <span class=\"button_text-variant2\">PLUS D'INFORMATIONS<\/span>   <\/span> <\/span><\/span>\n\t\t\t\t\t\t\t\t\t\t\t<\/a>\n\t\t\t\t\t\t\t\t\t<\/li>\n\t\t\t\t\t\t<\/ul>\n\t\t\t\t\t\t<\/div>\n\t\t\t\t<\/div>\n\t\t\t\t<div class=\"elementor-element elementor-element-adbb4b7 elementor-icon-list--layout-traditional elementor-list-item-link-full_width elementor-widget elementor-widget-icon-list\" data-id=\"adbb4b7\" data-element_type=\"widget\" data-widget_type=\"icon-list.default\">\n\t\t\t\t<div class=\"elementor-widget-container\">\n\t\t\t\t\t\t\t<ul class=\"elementor-icon-list-items\">\n\t\t\t\t\t\t\t<li class=\"elementor-icon-list-item\">\n\t\t\t\t\t\t\t\t\t\t\t<a href=\"https:\/\/abdeshof.be\/contact\/\">\n\n\t\t\t\t\t\t\t\t\t\t\t<span class=\"elementor-icon-list-text\"><span class=\"cta cta--default\">   <span class=\"hover-underline-animation\">R\u00e9server une chambre<\/span>   <svg xmlns=\"http:\/\/www.w3.org\/2000\/svg\" id=\"arrow-horizontal\" width=\"30\" height=\"10\" viewbox=\"0 0 46 16\">     <path       id=\"Path_10\"       data-name=\"Path 10\"       d=\"M8,0,6.545,1.455l5.506,5.506H-30V9.039H12.052L6.545,14.545,8,16l8-8Z\"       transform=\"translate(10)\"     ><\/path>   <\/svg> <\/span><\/span>\n\t\t\t\t\t\t\t\t\t\t\t<\/a>\n\t\t\t\t\t\t\t\t\t<\/li>\n\t\t\t\t\t\t<\/ul>\n\t\t\t\t\t\t<\/div>\n\t\t\t\t<\/div>\n\t\t\t\t\t<\/div>\n\t\t\t\t<\/div>\n\t\t\t\t<\/div>\n\t\t","protected":false},"excerpt":{"rendered":"<p>Tarifs &amp; disponibilit\u00e9s R\u00e9server une chambre R\u00c9SERVER R\u00e9server une chambre R\u00e9server une chambre R\u00e9server une chambre PLUS D&rsquo;INFORMATIONS PLUS D&rsquo;INFORMATIONS R\u00e9server une chambre<\/p>\n","protected":false},"author":1,"featured_media":0,"parent":0,"menu_order":0,"comment_status":"closed","ping_status":"closed","template":"","meta":{"footnotes":""},"class_list":["post-3086","page","type-page","status-publish","hentry"],"yoast_head":"<!-- This site is optimized with the Yoast SEO plugin v25.6 - https:\/\/yoast.com\/wordpress\/plugins\/seo\/ -->\n<title>BOUTONS - Abdeshof<\/title>\n<meta name=\"robots\" content=\"index, follow, max-snippet:-1, max-image-preview:large, max-video-preview:-1\" \/>\n<link rel=\"canonical\" href=\"https:\/\/abdeshof.be\/fr\/boutons\/\" \/>\n<meta property=\"og:locale\" content=\"fr_FR\" \/>\n<meta property=\"og:type\" content=\"article\" \/>\n<meta property=\"og:title\" content=\"BOUTONS - Abdeshof\" \/>\n<meta property=\"og:description\" content=\"Tarifs &amp; disponibilit\u00e9s R\u00e9server une chambre R\u00c9SERVER R\u00e9server une chambre R\u00e9server une chambre R\u00e9server une chambre PLUS D&rsquo;INFORMATIONS PLUS D&rsquo;INFORMATIONS R\u00e9server une chambre\" \/>\n<meta property=\"og:url\" content=\"https:\/\/abdeshof.be\/fr\/boutons\/\" \/>\n<meta property=\"og:site_name\" content=\"Abdeshof\" \/>\n<meta property=\"article:publisher\" content=\"https:\/\/www.facebook.com\/Abdeshof\" \/>\n<meta property=\"article:modified_time\" content=\"2025-05-07T06:59:46+00:00\" \/>\n<meta name=\"twitter:card\" content=\"summary_large_image\" \/>\n<script type=\"application\/ld+json\" class=\"yoast-schema-graph\">{\"@context\":\"https:\/\/schema.org\",\"@graph\":[{\"@type\":\"WebPage\",\"@id\":\"https:\/\/abdeshof.be\/fr\/boutons\/\",\"url\":\"https:\/\/abdeshof.be\/fr\/boutons\/\",\"name\":\"BOUTONS - Abdeshof\",\"isPartOf\":{\"@id\":\"https:\/\/abdeshof.be\/fr\/#website\"},\"datePublished\":\"2025-04-15T09:30:56+00:00\",\"dateModified\":\"2025-05-07T06:59:46+00:00\",\"breadcrumb\":{\"@id\":\"https:\/\/abdeshof.be\/fr\/boutons\/#breadcrumb\"},\"inLanguage\":\"fr-FR\",\"potentialAction\":[{\"@type\":\"ReadAction\",\"target\":[\"https:\/\/abdeshof.be\/fr\/boutons\/\"]}]},{\"@type\":\"BreadcrumbList\",\"@id\":\"https:\/\/abdeshof.be\/fr\/boutons\/#breadcrumb\",\"itemListElement\":[{\"@type\":\"ListItem\",\"position\":1,\"name\":\"Home\",\"item\":\"https:\/\/abdeshof.be\/fr\/\"},{\"@type\":\"ListItem\",\"position\":2,\"name\":\"BOUTONS\"}]},{\"@type\":\"WebSite\",\"@id\":\"https:\/\/abdeshof.be\/fr\/#website\",\"url\":\"https:\/\/abdeshof.be\/fr\/\",\"name\":\"Abdeshof\",\"description\":\"Vakantiewoning \u2503 B&amp;B \u2503 Meeting\",\"publisher\":{\"@id\":\"https:\/\/abdeshof.be\/fr\/#organization\"},\"potentialAction\":[{\"@type\":\"SearchAction\",\"target\":{\"@type\":\"EntryPoint\",\"urlTemplate\":\"https:\/\/abdeshof.be\/fr\/?s={search_term_string}\"},\"query-input\":{\"@type\":\"PropertyValueSpecification\",\"valueRequired\":true,\"valueName\":\"search_term_string\"}}],\"inLanguage\":\"fr-FR\"},{\"@type\":\"Organization\",\"@id\":\"https:\/\/abdeshof.be\/fr\/#organization\",\"name\":\"Abdeshof\",\"url\":\"https:\/\/abdeshof.be\/fr\/\",\"logo\":{\"@type\":\"ImageObject\",\"inLanguage\":\"fr-FR\",\"@id\":\"https:\/\/abdeshof.be\/fr\/#\/schema\/logo\/image\/\",\"url\":\"https:\/\/abdeshof.be\/wp-content\/uploads\/2025\/04\/Abdeshof_logo_main_green.svg\",\"contentUrl\":\"https:\/\/abdeshof.be\/wp-content\/uploads\/2025\/04\/Abdeshof_logo_main_green.svg\",\"width\":168,\"height\":211,\"caption\":\"Abdeshof\"},\"image\":{\"@id\":\"https:\/\/abdeshof.be\/fr\/#\/schema\/logo\/image\/\"},\"sameAs\":[\"https:\/\/www.facebook.com\/Abdeshof\",\"https:\/\/www.instagram.com\/abdeshof_middelkerke\/\"]}]}<\/script>\n<!-- \/ Yoast SEO plugin. -->","yoast_head_json":{"title":"BOUTONS - Abdeshof","robots":{"index":"index","follow":"follow","max-snippet":"max-snippet:-1","max-image-preview":"max-image-preview:large","max-video-preview":"max-video-preview:-1"},"canonical":"https:\/\/abdeshof.be\/fr\/boutons\/","og_locale":"fr_FR","og_type":"article","og_title":"BOUTONS - Abdeshof","og_description":"Tarifs &amp; disponibilit\u00e9s R\u00e9server une chambre R\u00c9SERVER R\u00e9server une chambre R\u00e9server une chambre R\u00e9server une chambre PLUS D&rsquo;INFORMATIONS PLUS D&rsquo;INFORMATIONS R\u00e9server une chambre","og_url":"https:\/\/abdeshof.be\/fr\/boutons\/","og_site_name":"Abdeshof","article_publisher":"https:\/\/www.facebook.com\/Abdeshof","article_modified_time":"2025-05-07T06:59:46+00:00","twitter_card":"summary_large_image","schema":{"@context":"https:\/\/schema.org","@graph":[{"@type":"WebPage","@id":"https:\/\/abdeshof.be\/fr\/boutons\/","url":"https:\/\/abdeshof.be\/fr\/boutons\/","name":"BOUTONS - Abdeshof","isPartOf":{"@id":"https:\/\/abdeshof.be\/fr\/#website"},"datePublished":"2025-04-15T09:30:56+00:00","dateModified":"2025-05-07T06:59:46+00:00","breadcrumb":{"@id":"https:\/\/abdeshof.be\/fr\/boutons\/#breadcrumb"},"inLanguage":"fr-FR","potentialAction":[{"@type":"ReadAction","target":["https:\/\/abdeshof.be\/fr\/boutons\/"]}]},{"@type":"BreadcrumbList","@id":"https:\/\/abdeshof.be\/fr\/boutons\/#breadcrumb","itemListElement":[{"@type":"ListItem","position":1,"name":"Home","item":"https:\/\/abdeshof.be\/fr\/"},{"@type":"ListItem","position":2,"name":"BOUTONS"}]},{"@type":"WebSite","@id":"https:\/\/abdeshof.be\/fr\/#website","url":"https:\/\/abdeshof.be\/fr\/","name":"Abdeshof","description":"Vakantiewoning \u2503 B&amp;B \u2503 Meeting","publisher":{"@id":"https:\/\/abdeshof.be\/fr\/#organization"},"potentialAction":[{"@type":"SearchAction","target":{"@type":"EntryPoint","urlTemplate":"https:\/\/abdeshof.be\/fr\/?s={search_term_string}"},"query-input":{"@type":"PropertyValueSpecification","valueRequired":true,"valueName":"search_term_string"}}],"inLanguage":"fr-FR"},{"@type":"Organization","@id":"https:\/\/abdeshof.be\/fr\/#organization","name":"Abdeshof","url":"https:\/\/abdeshof.be\/fr\/","logo":{"@type":"ImageObject","inLanguage":"fr-FR","@id":"https:\/\/abdeshof.be\/fr\/#\/schema\/logo\/image\/","url":"https:\/\/abdeshof.be\/wp-content\/uploads\/2025\/04\/Abdeshof_logo_main_green.svg","contentUrl":"https:\/\/abdeshof.be\/wp-content\/uploads\/2025\/04\/Abdeshof_logo_main_green.svg","width":168,"height":211,"caption":"Abdeshof"},"image":{"@id":"https:\/\/abdeshof.be\/fr\/#\/schema\/logo\/image\/"},"sameAs":["https:\/\/www.facebook.com\/Abdeshof","https:\/\/www.instagram.com\/abdeshof_middelkerke\/"]}]}},"_links":{"self":[{"href":"https:\/\/abdeshof.be\/fr\/wp-json\/wp\/v2\/pages\/3086","targetHints":{"allow":["GET"]}}],"collection":[{"href":"https:\/\/abdeshof.be\/fr\/wp-json\/wp\/v2\/pages"}],"about":[{"href":"https:\/\/abdeshof.be\/fr\/wp-json\/wp\/v2\/types\/page"}],"author":[{"embeddable":true,"href":"https:\/\/abdeshof.be\/fr\/wp-json\/wp\/v2\/users\/1"}],"replies":[{"embeddable":true,"href":"https:\/\/abdeshof.be\/fr\/wp-json\/wp\/v2\/comments?post=3086"}],"version-history":[{"count":0,"href":"https:\/\/abdeshof.be\/fr\/wp-json\/wp\/v2\/pages\/3086\/revisions"}],"wp:attachment":[{"href":"https:\/\/abdeshof.be\/fr\/wp-json\/wp\/v2\/media?parent=3086"}],"curies":[{"name":"wp","href":"https:\/\/api.w.org\/{rel}","templated":true}]}}